{"id":2109,"date":"2021-03-26T08:35:58","date_gmt":"2021-03-26T08:35:58","guid":{"rendered":"http:\/\/localhost\/nuss\/?page_id=536"},"modified":"2026-03-31T01:55:10","modified_gmt":"2026-03-31T01:55:10","slug":"geschaftseinrichtungen","status":"publish","type":"page","link":"https:\/\/starviewmansion.com\/de\/business-facilities\/","title":{"rendered":"Gesch\u00e4ftseinrichtungen"},"content":{"rendered":"<div data-elementor-type=\"wp-page\" data-elementor-id=\"2109\" class=\"elementor elementor-2109\">\n\t\t\t\t\t\t<section class=\"elementor-section elementor-top-section elementor-element elementor-element-bb2901b elementor-section-boxed elementor-section-gap-beside-yes elementor-section-height-default elementor-section-height-default elementor-section-column-vertical-align-stretch\" data-id=\"bb2901b\" data-element_type=\"section\" data-e-type=\"section\">\n\t\t\t\t\t\t<div class=\"elementor-container elementor-column-gap-extended\">\n\t\t\t\t\t<div class=\"elementor-column elementor-col-100 elementor-top-column elementor-element elementor-element-1919db9\" data-id=\"1919db9\" data-element_type=\"column\" data-e-type=\"column\">\n\t\t\t<div class=\"elementor-widget-wrap elementor-element-populated\">\n\t\t\t\t\t\t<div class=\"elementor-element elementor-element-41a7b9c elementor-widget__width-initial elementor-invisible elementor-widget elementor-widget-text-editor\" data-id=\"41a7b9c\" data-element_type=\"widget\" data-e-type=\"widget\" data-settings=\"{&quot;_animation&quot;:&quot;nussFadeInUp&quot;}\" data-widget_type=\"text-editor.default\">\n\t\t\t\t\t\t\t\t\tGesch\u00e4ftseinrichtungen im Starview Mansion Zhuhai \u2013 Ihr professionelles Zentrum im K\u00fcstengesch\u00e4ftszentrum von Guangdong\t\t\t\t\t\t\t\t<\/div>\n\t\t\t\t\t<\/div>\n\t\t<\/div>\n\t\t\t\t\t<\/div>\n\t\t<\/section>\n\t\t<div class=\"elementor-element elementor-element-2a37f8c e-flex e-con-boxed e-con e-parent\" data-id=\"2a37f8c\" data-element_type=\"container\" data-e-type=\"container\">\n\t\t\t\t\t<div class=\"e-con-inner\">\n\t\t\t\t<div class=\"elementor-element elementor-element-99e2c04 elementor-widget elementor-widget-nuss-image-gallery\" data-id=\"99e2c04\" data-element_type=\"widget\" data-e-type=\"widget\" data-widget_type=\"nuss-image-gallery.default\">\n\t\t\t\t<div class=\"elementor-widget-container\">\n\t\t\t\t\t\t\t<div class=\"nuss-grid-wrapper\" data-grid=\"{&quot;type&quot;:&quot;grid&quot;,&quot;ratio&quot;:null,&quot;columns&quot;:3,&quot;gutter&quot;:30}\">\r\n\t\t\t<div class=\"nuss-grid lazy-grid\">\r\n\t\t\t\t<div class=\"grid-sizer\"><\/div>\r\n\r\n\t\t\t\t\t\t\t\t\t\t\t\t<div class=\"grid-item\">\r\n\t\t\t\t\t\t<div class=\"nuss-box\">\t\t<div class=\"nuss-image image\">\r\n\t\t\t<img decoding=\"async\"  src=\"https:\/\/starviewmansion.com\/wp-content\/uploads\/2026\/03\/Starview-Mansion-80.webp\" alt=\"Starview Mansion (80)\" \/>\t\t<\/div>\r\n\t\t\t\t<\/div>\t\t\t\t\t<\/div>\r\n\t\t\t\t\t\t<div class=\"grid-item\">\r\n\t\t\t\t\t\t<div class=\"nuss-box\">\t\t<div class=\"nuss-image image\">\r\n\t\t\t<img decoding=\"async\"  src=\"https:\/\/starviewmansion.com\/wp-content\/uploads\/2026\/03\/Starview-Mansion-73.webp\" alt=\"Starview Mansion (73)\" \/>\t\t<\/div>\r\n\t\t\t\t<\/div>\t\t\t\t\t<\/div>\r\n\t\t\t\t\t\t<div class=\"grid-item\">\r\n\t\t\t\t\t\t<div class=\"nuss-box\">\t\t<div class=\"nuss-image image\">\r\n\t\t\t<img decoding=\"async\"  src=\"https:\/\/starviewmansion.com\/wp-content\/uploads\/2026\/03\/Starview-Mansion-19.webp\" alt=\"Starview Mansion (19)\" \/>\t\t<\/div>\r\n\t\t\t\t<\/div>\t\t\t\t\t<\/div>\r\n\t\t\t\t\t\t<div class=\"grid-item\">\r\n\t\t\t\t\t\t<div class=\"nuss-box\">\t\t<div class=\"nuss-image image\">\r\n\t\t\t<img decoding=\"async\"  src=\"https:\/\/starviewmansion.com\/wp-content\/uploads\/2026\/03\/Starview-Mansion-13.webp\" alt=\"Starview Mansion (13)\" \/>\t\t<\/div>\r\n\t\t\t\t<\/div>\t\t\t\t\t<\/div>\r\n\t\t\t\t\t\t<div class=\"grid-item\">\r\n\t\t\t\t\t\t<div class=\"nuss-box\">\t\t<div class=\"nuss-image image\">\r\n\t\t\t<img decoding=\"async\"  src=\"https:\/\/starviewmansion.com\/wp-content\/uploads\/2026\/03\/Starview-Mansion-14.webp\" alt=\"Starview Mansion (14)\" \/>\t\t<\/div>\r\n\t\t\t\t<\/div>\t\t\t\t\t<\/div>\r\n\t\t\t\t\t\t<div class=\"grid-item\">\r\n\t\t\t\t\t\t<div class=\"nuss-box\">\t\t<div class=\"nuss-image image\">\r\n\t\t\t<img decoding=\"async\"  src=\"https:\/\/starviewmansion.com\/wp-content\/uploads\/2026\/03\/Starview-Mansion-11.webp\" alt=\"Starview Mansion (11)\" \/>\t\t<\/div>\r\n\t\t\t\t<\/div>\t\t\t\t\t<\/div>\r\n\t\t\t\t\t\t\t\r\n\t\t\t<\/div>\r\n\t\t<\/div>\r\n\t\t\t\t\t\t<\/div>\n\t\t\t\t<\/div>\n\t\t\t\t\t<\/div>\n\t\t\t\t<\/div>\n\t\t<div class=\"elementor-element elementor-element-35c01c6 e-flex e-con-boxed e-con e-parent\" data-id=\"35c01c6\" data-element_type=\"container\" data-e-type=\"container\">\n\t\t\t\t\t<div class=\"e-con-inner\">\n\t\t\t\t<div class=\"elementor-element elementor-element-5c17b51 elementor-widget elementor-widget-text-editor\" data-id=\"5c17b51\" data-element_type=\"widget\" data-e-type=\"widget\" data-widget_type=\"text-editor.default\">\n\t\t\t\t\t\t\t\t\t<h2 class=\"qwen-markdown-heading\"><span class=\"qwen-markdown-text\">Steigern Sie Ihr Gesch\u00e4ftserlebnis im Starview Mansion<\/span><\/h2><div class=\"qwen-markdown-paragraph\"><span class=\"qwen-markdown-text\">Starview Mansion, strategisch g\u00fcnstig gelegen bei <\/span><strong class=\"qwen-markdown-strong\"><span class=\"qwen-markdown-text\">Nr. 9-1, Shihua East Road, Jida, Bezirk Xiangzhou, Zhuhai, Guangdong, China<\/span><\/strong><span class=\"qwen-markdown-text\">, Das Hotel gilt als erstklassiges Reiseziel f\u00fcr Gesch\u00e4ftsreisende, die in einem der dynamischsten Wirtschaftszentren des Perlflussdeltas Effizienz, Komfort und optimale Vernetzung suchen. Das moderne Hotel wurde sorgf\u00e4ltig konzipiert, um den vielf\u00e4ltigen Bed\u00fcrfnissen von Gesch\u00e4ftsreisenden, Unternehmern, F\u00fchrungskr\u00e4ften und anderen professionellen Besuchern gerecht zu werden, die w\u00e4hrend ihrer Gesch\u00e4ftsaufenthalte in Zhuhai ein reibungsloses Arbeitsumfeld ben\u00f6tigen, ohne dabei auf Entspannung und Gastfreundschaft verzichten zu m\u00fcssen.<\/span><\/div><div class=\"qwen-markdown-space\">\u00a0<\/div><h2 class=\"qwen-markdown-heading\"><span class=\"qwen-markdown-text\">Business-Ausstattung im Zimmer f\u00fcr produktive Aufenthalte<\/span><\/h2><div class=\"qwen-markdown-paragraph\"><span class=\"qwen-markdown-text\">Jedes G\u00e4stezimmer im Starview Mansion verf\u00fcgt \u00fcber einen separaten Arbeitsbereich mit ger\u00e4umigen Schreibtischen, die ausreichend Platz f\u00fcr Laptops, Dokumente, Gesch\u00e4ftsmaterialien und Videokonferenzsysteme bieten. Jedes Zimmer bietet kostenloses Highspeed-WLAN mit zuverl\u00e4ssiger Verbindung f\u00fcr Videokonferenzen, den Transfer gro\u00dfer Dateien, Online-Meetings und cloudbasierte Anwendungen \u2013 ohne Unterbrechungen oder l\u00e4stige Verz\u00f6gerungen.<\/span><\/div><div class=\"qwen-markdown-space\">\u00a0<\/div><div class=\"qwen-markdown-paragraph\"><span class=\"qwen-markdown-text\">Die schallisolierten R\u00e4ume bieten eine ruhige, ablenkungsfreie Umgebung \u2013 ideal f\u00fcr konzentriertes Arbeiten, wichtige Telefonate, virtuelle Pr\u00e4sentationen oder vertrauliche Gesch\u00e4ftsgespr\u00e4che, selbst inmitten des pulsierenden Stadtlebens im gesch\u00e4ftigen Jida-Viertel von Zhuhai. Die Klimaanlage in allen Zimmern sorgt ganzj\u00e4hrig f\u00fcr optimalen Komfort und erm\u00f6glicht Gesch\u00e4ftsreisenden produktives Arbeiten unabh\u00e4ngig vom subtropischen Klima Guangdongs.<\/span><\/div><div class=\"qwen-markdown-space\">\u00a0<\/div><div class=\"qwen-markdown-paragraph\"><span class=\"qwen-markdown-text\">Die Zimmerausstattung umfasst mehrere Steckdosen und USB-Ladeanschl\u00fcsse in unmittelbarer N\u00e4he der Arbeitsbereiche, sodass alle Ger\u00e4te auch bei l\u00e4ngeren Arbeitssitzungen stets mit Strom versorgt sind. Ergonomische Sitzm\u00f6bel unterst\u00fctzen eine bequeme Haltung w\u00e4hrend des Arbeitsalltags. Flachbildfernseher mit einer Vielzahl von Kan\u00e4len bieten die M\u00f6glichkeit zur Entspannung und zum Informationsaustausch nach einem anstrengenden Arbeitstag. Private Badezimmer mit hochwertigen Pflegeprodukten, Haartrockner und bequemen Hausschuhen sorgen daf\u00fcr, dass sich die G\u00e4ste erfrischt und bereit f\u00fcr morgendliche Meetings oder abendliche Netzwerkveranstaltungen f\u00fchlen.<\/span><\/div><div class=\"qwen-markdown-space\">\u00a0<\/div><h2 class=\"qwen-markdown-heading\"><span class=\"qwen-markdown-text\">Hochgeschwindigkeits-Internetverbindung im gesamten Geb\u00e4ude<\/span><\/h2><div class=\"qwen-markdown-paragraph\"><span class=\"qwen-markdown-text\">Starview Mansion ist sich bewusst, dass zuverl\u00e4ssiger Internetzugang f\u00fcr moderne Gesch\u00e4ftsabl\u00e4ufe und die Unternehmenskommunikation unerl\u00e4sslich ist. Kostenloses Highspeed-WLAN steht Ihnen in allen G\u00e4stezimmern und \u00f6ffentlichen Bereichen zur Verf\u00fcgung und gew\u00e4hrleistet so eine reibungslose Verbindung \u2013 egal ob Sie bequem von Ihrem Zimmer aus arbeiten, in Gemeinschaftsr\u00e4umen zusammenarbeiten oder virtuelle Meetings mit internationalen Kollegen und Kunden abhalten.<\/span><\/div><div class=\"qwen-markdown-space\">\u00a0<\/div><div class=\"qwen-markdown-paragraph\"><span class=\"qwen-markdown-text\">Die leistungsstarke Netzwerkinfrastruktur unterst\u00fctzt die gleichzeitige Nutzung mehrerer Ger\u00e4te und ist somit ideal f\u00fcr Gesch\u00e4ftsreisende mit Laptops, Tablets, Smartphones und anderen internetf\u00e4higen Ger\u00e4ten. Der IT-Support des Hotels gew\u00e4hrleistet Netzwerkstabilit\u00e4t und die schnelle Behebung eventuell auftretender Verbindungsprobleme w\u00e4hrend Ihres Aufenthalts, um St\u00f6rungen Ihrer Gesch\u00e4ftsaktivit\u00e4ten zu minimieren.<\/span><\/div><div class=\"qwen-markdown-space\">\u00a0<\/div><h2 class=\"qwen-markdown-heading\"><span class=\"qwen-markdown-text\">24-Stunden-Rezeption und Gesch\u00e4ftssupport<\/span><\/h2><div class=\"qwen-markdown-paragraph\"><span class=\"qwen-markdown-text\">Das rund um die Uhr besetzte Rezeptionsteam des Hotels bietet Gesch\u00e4ftsreisenden, die mit sp\u00e4ten Fl\u00fcgen aus internationalen Destinationen ankommen oder fr\u00fchmorgens zu Meetings im Perlflussdelta aufbrechen, kontinuierliche Unterst\u00fctzung. Die Mitarbeiter sind geschult, bei einer Vielzahl von gesch\u00e4ftlichen Anfragen behilflich zu sein \u2013 vom Drucken und Kopieren von Dokumenten bis hin zur Organisation von Transporten zu Firmenzentralen, Tagungsorten und Industriegebieten in Zhuhai und den umliegenden St\u00e4dten.<\/span><\/div><div class=\"qwen-markdown-space\">\u00a0<\/div><div class=\"qwen-markdown-paragraph\"><span class=\"qwen-markdown-text\">Der Empfangsbereich bietet ein komfortables und professionelles Ambiente f\u00fcr informelle Gesch\u00e4ftsgespr\u00e4che, als Wartebereich f\u00fcr Besucher von Kunden oder Kollegen oder f\u00fcr ruhige Momente zur Vorbereitung wichtiger Meetings. Mehrsprachige Mitarbeiter sorgen f\u00fcr eine reibungslose Kommunikation mit internationalen Gesch\u00e4ftsreisenden und gew\u00e4hrleisten, dass Sprachbarrieren Ihre berufliche Erfahrung in Zhuhai nicht beeintr\u00e4chtigen.<\/span><\/div><div class=\"qwen-markdown-space\">\u00a0<\/div><div class=\"qwen-markdown-paragraph\"><span class=\"qwen-markdown-text\">Gesch\u00e4ftsreisende k\u00f6nnen Unterst\u00fctzung bei der lokalen Gewerbeanmeldung, der Suche nach B\u00fcror\u00e4umen, \u00dcbersetzungsdiensten und der Vermittlung von Kontakten zu lokalen Dienstleistern anfordern. Das kompetente Team versteht die besonderen Bed\u00fcrfnisse von Gesch\u00e4ftsreisenden und unterst\u00fctzt Sie engagiert bei der Erreichung Ihrer beruflichen Ziele w\u00e4hrend Ihres gesamten Aufenthalts.<\/span><\/div><div class=\"qwen-markdown-space\">\u00a0<\/div><h2 class=\"qwen-markdown-heading\"><span class=\"qwen-markdown-text\">Flexible Arbeitsbereiche und Gemeinschaftsr\u00e4ume<\/span><\/h2><div class=\"qwen-markdown-paragraph\"><span class=\"qwen-markdown-text\">Starview Mansion bietet durchdacht gestaltete Gemeinschaftsbereiche, die als Erweiterung Ihres tempor\u00e4ren B\u00fcros dienen. Die Lobby und die Lounge bieten bequeme Sitzgelegenheiten, nat\u00fcrliches Licht und eine professionelle Atmosph\u00e4re, die sich f\u00fcr informelle Besprechungen, Kundengespr\u00e4che oder konzentriertes Arbeiten au\u00dferhalb Ihres Zimmers eignet.<\/span><\/div><div class=\"qwen-markdown-space\">\u00a0<\/div><div class=\"qwen-markdown-paragraph\"><span class=\"qwen-markdown-text\">Ruhige Ecken im gesamten Hotel bieten zus\u00e4tzliche M\u00f6glichkeiten f\u00fcr Telefonate, Videokonferenzen oder konzentriertes Arbeiten, ohne andere G\u00e4ste zu st\u00f6ren. Diese flexiblen Bereiche ber\u00fccksichtigen unterschiedliche Arbeitsstile und -pr\u00e4ferenzen und tragen den unterschiedlichen Bed\u00fcrfnissen von Gesch\u00e4ftsreisenden im Laufe ihres Arbeitstages Rechnung.<\/span><\/div><div class=\"qwen-markdown-space\">\u00a0<\/div><div class=\"qwen-markdown-paragraph\"><span class=\"qwen-markdown-text\">In den Gemeinschaftsbereichen sind Steckdosen strategisch platziert, sodass G\u00e4ste von verschiedenen Orten innerhalb des Hotels aus arbeiten und dabei stets mit ihren Ger\u00e4ten verbunden bleiben k\u00f6nnen. Die professionelle und gleichzeitig entspannte Atmosph\u00e4re bietet die perfekte Balance zwischen Produktivit\u00e4t und Komfort.<\/span><\/div><div class=\"qwen-markdown-space\">\u00a0<\/div><h2 class=\"qwen-markdown-heading\"><span class=\"qwen-markdown-text\">Erstklassige Lage f\u00fcr Gesch\u00e4ftstreffen und Networking<\/span><\/h2><div class=\"qwen-markdown-paragraph\"><span class=\"qwen-markdown-text\">Die zentrale Lage des Hotels im Bezirk Jida bietet Gesch\u00e4ftsreisenden bequemen Zugang zu Zhuhais wichtigsten Gesch\u00e4ftszentren, Regierungsgeb\u00e4uden, Industriegebieten und internationalen Firmenzentralen. Der Bezirk Xiangzhou bildet das administrative und wirtschaftliche Zentrum Zhuhais; zahlreiche Firmenzentralen, Gewerbeparks und Dienstleistungsunternehmen sind in kurzer Fahrzeit erreichbar.<\/span><\/div><div class=\"qwen-markdown-space\">\u00a0<\/div><div class=\"qwen-markdown-paragraph\"><span class=\"qwen-markdown-text\">Gro\u00dfe Einkaufszentren, Restaurants f\u00fcr Gesch\u00e4ftsessen und Unterhaltungsm\u00f6glichkeiten f\u00fcr Kunden sind f\u00fcr professionelle Meetings und Networking-Aktivit\u00e4ten bequem erreichbar. Die N\u00e4he zu Banken, Post\u00e4mtern, Versanddiensten und Einrichtungen f\u00fcr Gesch\u00e4ftsdienstleistungen gew\u00e4hrleistet, dass alle praktischen Gesch\u00e4ftsbed\u00fcrfnisse w\u00e4hrend Ihres Aufenthalts effizient erf\u00fcllt werden k\u00f6nnen.<\/span><\/div><div class=\"qwen-markdown-space\">\u00a0<\/div><div class=\"qwen-markdown-paragraph\"><span class=\"qwen-markdown-text\">Die Verkehrsanbindung ist hervorragend. Taxis, Mitfahrgelegenheiten und \u00f6ffentliche Verkehrsmittel erm\u00f6glichen eine effiziente Anreise zu Gesch\u00e4ftsterminen in Zhuhai, Macau, Shenzhen und der gesamten Metropolregion des Perlflussdeltas. Diese gute Vernetzung ist besonders wertvoll f\u00fcr F\u00fchrungskr\u00e4fte, die im Rahmen einer Gesch\u00e4ftsreise mehrere St\u00e4dte besuchen.<\/span><\/div><div class=\"qwen-markdown-space\">\u00a0<\/div><h2 class=\"qwen-markdown-heading\"><span class=\"qwen-markdown-text\">Flughafen- und Verkehrsanbindung<\/span><\/h2><div class=\"qwen-markdown-paragraph\"><span class=\"qwen-markdown-text\">Der Flughafen Tan Shui und die verschiedenen Verkehrsknotenpunkte von Zhuhai sind vom Starview Mansion aus bequem zu erreichen. Dies macht die Unterkunft zur idealen Wahl f\u00fcr Reisende mit engem Zeitplan, mehreren Zwischenstopps oder zeitkritischen Gesch\u00e4ftsterminen. Das Rezeptionsteam organisiert gerne zuverl\u00e4ssige Flughafentransfers, erstellt Kostenvoranschl\u00e4ge und plant die Abholung entsprechend Ihren Flug- und Meetingzeiten.<\/span><\/div><div class=\"qwen-markdown-space\">\u00a0<\/div><div class=\"qwen-markdown-paragraph\"><span class=\"qwen-markdown-text\">F\u00fcr Gesch\u00e4ftsreisende, die \u00fcber die internationalen Flugh\u00e4fen Hongkong oder Macau reisen, bietet die Lage des Hotels direkten Zugang zu F\u00e4hrterminals und Grenz\u00fcberg\u00e4ngen und erleichtert so Gesch\u00e4ftsreisen im gesamten Perlflussdelta. Dank dieser regionalen Anbindung ist das Starview Mansion ein strategischer St\u00fctzpunkt f\u00fcr F\u00fchrungskr\u00e4fte, die Gesch\u00e4ftsinteressen in mehreren St\u00e4dten S\u00fcdchinas betreuen.<\/span><\/div><div class=\"qwen-markdown-space\">\u00a0<\/div><h2 class=\"qwen-markdown-heading\"><span class=\"qwen-markdown-text\">Zus\u00e4tzliche unternehmensfreundliche Funktionen<\/span><\/h2><div class=\"qwen-markdown-paragraph\"><span class=\"qwen-markdown-text\">Nichtraucherzimmer sind ideal f\u00fcr gesundheitsbewusste Gesch\u00e4ftsreisende und entsprechen internationalen Standards und Unternehmensrichtlinien. Die t\u00e4gliche Zimmerreinigung sorgt f\u00fcr makellose Sauberkeit und Ordnung, sodass sich G\u00e4ste ungest\u00f6rt auf ihre Arbeit konzentrieren k\u00f6nnen.<\/span><\/div><div class=\"qwen-markdown-space\">\u00a0<\/div><div class=\"qwen-markdown-paragraph\"><span class=\"qwen-markdown-text\">Sichere Zugangssysteme bieten Gesch\u00e4ftsreisenden, die wertvolle Ausr\u00fcstung, vertrauliche Dokumente oder sensible Gesch\u00e4ftsmaterialien mit sich f\u00fchren, ein beruhigendes Gef\u00fchl der Sicherheit. Elektronische Schl\u00fcsselkarten, Mitarbeiter\u00fcberwachung und Schlie\u00dff\u00e4cher tragen zu einer sicheren Umgebung f\u00fcr wertvolle Unternehmenswerte bei.<\/span><\/div><div class=\"qwen-markdown-space\">\u00a0<\/div><div class=\"qwen-markdown-paragraph\"><span class=\"qwen-markdown-text\">W\u00e4sche- und Reinigungsdienste erm\u00f6glichen Gesch\u00e4ftsreisenden, auch bei l\u00e4ngeren Aufenthalten professionell auszusehen, ohne zu viel Gep\u00e4ck mitnehmen zu m\u00fcssen. Kurze Bearbeitungszeiten sorgen daf\u00fcr, dass frische, geb\u00fcgelte Kleidung f\u00fcr wichtige Meetings, Pr\u00e4sentationen und Gesch\u00e4ftsessen bereitsteht.<\/span><\/div><div class=\"qwen-markdown-space\">\u00a0<\/div><h2 class=\"qwen-markdown-heading\"><span class=\"qwen-markdown-text\">Unterst\u00fctzung f\u00fcr Meetings und Zusammenarbeit<\/span><\/h2><div class=\"qwen-markdown-paragraph\"><span class=\"qwen-markdown-text\">Das Starview Mansion legt Wert auf komfortable Unterk\u00fcnfte mit arbeitsfreundlichen Annehmlichkeiten. Das Rezeptionsteam unterst\u00fctzt Sie jedoch gerne bei der Organisation von externen Tagungsr\u00e4umen, Konferenzeinrichtungen und Veranstaltungsorten in ganz Zhuhai. Dank lokaler Partnerschaften mit nahegelegenen Business-Centern und Konferenzhotels stehen G\u00e4sten professionelle Tagungsr\u00e4ume f\u00fcr gr\u00f6\u00dfere Versammlungen oder formelle Pr\u00e4sentationen zur Verf\u00fcgung.<\/span><\/div><div class=\"qwen-markdown-space\">\u00a0<\/div><div class=\"qwen-markdown-paragraph\"><span class=\"qwen-markdown-text\">Das Concierge-Team kann Ihnen Empfehlungen f\u00fcr Restaurants f\u00fcr Gesch\u00e4ftsessen, private Speiser\u00e4ume f\u00fcr die Bewirtung von Kunden sowie professionelle Dienstleistungen wie \u00dcbersetzungen, Rechtsberatung und Unternehmensberatung geben, die Sie w\u00e4hrend Ihrer Gesch\u00e4ftsaktivit\u00e4ten in Zhuhai ben\u00f6tigen k\u00f6nnten.<\/span><\/div><div class=\"qwen-markdown-space\">\u00a0<\/div><h2 class=\"qwen-markdown-heading\"><span class=\"qwen-markdown-text\">Gesch\u00e4ftsreiseunterk\u00fcnfte f\u00fcr Langzeitaufenthalte<\/span><\/h2><div class=\"qwen-markdown-paragraph\"><span class=\"qwen-markdown-text\">Gesch\u00e4ftsreisende mit l\u00e4ngeren Aufenthalten sch\u00e4tzen die Eignung des Starview Mansion f\u00fcr l\u00e4ngere Reisen. W\u00f6chentliche und monatliche Tarife bieten kosteng\u00fcnstige L\u00f6sungen f\u00fcr projektbezogene Besuche, Schulungen oder vor\u00fcbergehende Umz\u00fcge. Die gleichbleibend hohe Qualit\u00e4t und der zuverl\u00e4ssige Service sorgen f\u00fcr komfortable und produktive Aufenthalte.<\/span><\/div><div class=\"qwen-markdown-space\">\u00a0<\/div><div class=\"qwen-markdown-paragraph\"><span class=\"qwen-markdown-text\">In ausgew\u00e4hlten Zimmerkategorien sind K\u00fchlschr\u00e4nke und Mikrowellen vorhanden, sodass Berufst\u00e4tige ihre Mahlzeiten flexibel an ihre Termine und Arbeitsfristen anpassen k\u00f6nnen. Restaurants, Lieferdienste und Superm\u00e4rkte in der N\u00e4he bieten zus\u00e4tzliche Flexibilit\u00e4t bei der Verpflegung f\u00fcr einen anspruchsvollen Gesch\u00e4ftsalltag.<\/span><\/div><div class=\"qwen-markdown-space\">\u00a0<\/div><h2 class=\"qwen-markdown-heading\"><span class=\"qwen-markdown-text\">Warum Gesch\u00e4ftsreisende Starview Mansion w\u00e4hlen<\/span><\/h2><div class=\"qwen-markdown-paragraph\"><span class=\"qwen-markdown-text\">Starview Mansion zeichnet sich durch seine zentrale Lage, zuverl\u00e4ssige Gesch\u00e4ftsausstattung und einen aufmerksamen, auf professionelle Bed\u00fcrfnisse zugeschnittenen Service aus. Die Unterkunft bietet wettbewerbsf\u00e4hige Preise ohne Abstriche bei der Qualit\u00e4t und ist somit eine hervorragende Wahl f\u00fcr Unternehmen, die ihr Reisebudget im Blick behalten und gleichzeitig den Komfort und die Produktivit\u00e4t ihrer Mitarbeiter auf Gesch\u00e4ftsreisen gew\u00e4hrleisten m\u00f6chten.<\/span><\/div><div class=\"qwen-markdown-space\">\u00a0<\/div><div class=\"qwen-markdown-paragraph\"><span class=\"qwen-markdown-text\">Ob Gesch\u00e4ftsreisende f\u00fcr Kurzzeitprojekte, l\u00e4ngere Eins\u00e4tze, Konferenzen, Kundengespr\u00e4che, Werksbesichtigungen oder regionale Gesch\u00e4ftsentwicklungsaktivit\u00e4ten nach Zhuhai reisen \u2013 hier finden sie alles, was sie f\u00fcr effizientes Arbeiten und entspannte Erholung ben\u00f6tigen. Die professionelle Atmosph\u00e4re gepaart mit herzlicher Gastfreundschaft schafft ein Umfeld, in dem Gesch\u00e4ftsziele ohne unn\u00f6tigen Stress oder Ablenkung erreicht werden k\u00f6nnen.<\/span><\/div><div class=\"qwen-markdown-space\">\u00a0<\/div><div class=\"qwen-markdown-paragraph\"><span class=\"qwen-markdown-text\">Das Hotel versteht die Bed\u00fcrfnisse von Gesch\u00e4ftsreisenden und bietet neben den \u00fcblichen Annehmlichkeiten auch praktische Unterst\u00fctzung f\u00fcr erfolgreiche Gesch\u00e4ftsreisen. Ob fr\u00fche Abreise oder sp\u00e4te Ankunft, ob Last-Minute-Pr\u00e4sentationen gedruckt oder dringende Transportmittel organisiert werden \u2013 das Team der Starview Mansion steht Ihnen zur Seite und unterst\u00fctzt Ihren beruflichen Erfolg in Zhuhai und der gesamten Perlflussdelta-Region.<\/span><\/div><div class=\"qwen-markdown-space\">\u00a0<\/div><h2 class=\"qwen-markdown-heading\"><span class=\"qwen-markdown-text\">Buchen Sie Ihren Gesch\u00e4ftsaufenthalt im Starview Mansion<\/span><\/h2><div class=\"qwen-markdown-paragraph\"><span class=\"qwen-markdown-text\">Erleben Sie ein professionelles Umfeld, das Ihren Gesch\u00e4ftserfolg in Zhuhais dynamischer Gesch\u00e4ftswelt optimal unterst\u00fctzt. Von Highspeed-Internet und dedizierten Arbeitsbereichen \u00fcber 24-Stunden-Support bis hin zur unschlagbaren zentralen Lage im Gesch\u00e4ftsviertel Jida bietet Starview Mansion die von modernen Berufst\u00e4tigen ben\u00f6tigten Business-Einrichtungen und gleichzeitig herzliche Gastfreundschaft, die jede Gesch\u00e4ftsreise angenehmer und produktiver macht.<\/span><\/div><div class=\"qwen-markdown-space\">\u00a0<\/div><div class=\"qwen-markdown-paragraph\" data-spm-anchor-id=\"a2ty_o01.29997173.0.i25.456451716u6OXC\"><strong class=\"qwen-markdown-strong\"><span class=\"qwen-markdown-text\">Starview Mansion<\/span><\/strong> <strong class=\"qwen-markdown-strong\"><span class=\"qwen-markdown-text\">Adresse:<\/span><\/strong><span class=\"qwen-markdown-text\"> Nr. 9-1, Shihua East Road, Jida, Bezirk Xiangzhou, Zhuhai, Guangdong, China <\/span><strong class=\"qwen-markdown-strong\"><span class=\"qwen-markdown-text\">Ihr professioneller Hauptsitz im Gesch\u00e4ftszentrum von Zhuhai<\/span><\/strong><\/div>\t\t\t\t\t\t\t\t<\/div>\n\t\t\t\t\t<\/div>\n\t\t\t\t<\/div>\n\t\t\t\t<\/div>","protected":false},"excerpt":{"rendered":"<p>Business Facilities at Starview Mansion Zhuhai \u2013 Your Professional Hub in Guangdong&#8217;s Coastal Business Center Elevate Your Business Experience at Starview Mansion Starview Mansion, strategically positioned at No. 9-1, Shihua East Road, Jida, Xiangzhou District, Zhuhai, Guangdong, China, stands as a premier destination for business travelers seeking efficiency, comfort, and connectivity in one of the [&hellip;]<\/p>\n","protected":false},"author":1,"featured_media":0,"parent":0,"menu_order":0,"comment_status":"closed","ping_status":"closed","template":"elementor_header_footer","meta":{"footnotes":""},"class_list":["post-2109","page","type-page","status-publish","hentry","post-no-thumbnail"],"_links":{"self":[{"href":"https:\/\/starviewmansion.com\/de\/wp-json\/wp\/v2\/pages\/2109","targetHints":{"allow":["GET"]}}],"collection":[{"href":"https:\/\/starviewmansion.com\/de\/wp-json\/wp\/v2\/pages"}],"about":[{"href":"https:\/\/starviewmansion.com\/de\/wp-json\/wp\/v2\/types\/page"}],"author":[{"embeddable":true,"href":"https:\/\/starviewmansion.com\/de\/wp-json\/wp\/v2\/users\/1"}],"replies":[{"embeddable":true,"href":"https:\/\/starviewmansion.com\/de\/wp-json\/wp\/v2\/comments?post=2109"}],"version-history":[{"count":6,"href":"https:\/\/starviewmansion.com\/de\/wp-json\/wp\/v2\/pages\/2109\/revisions"}],"predecessor-version":[{"id":5771,"href":"https:\/\/starviewmansion.com\/de\/wp-json\/wp\/v2\/pages\/2109\/revisions\/5771"}],"wp:attachment":[{"href":"https:\/\/starviewmansion.com\/de\/wp-json\/wp\/v2\/media?parent=2109"}],"curies":[{"name":"wp","href":"https:\/\/api.w.org\/{rel}","templated":true}]}}