{"id":2109,"date":"2021-03-26T08:35:58","date_gmt":"2021-03-26T08:35:58","guid":{"rendered":"http:\/\/localhost\/nuss\/?page_id=536"},"modified":"2026-03-31T01:55:10","modified_gmt":"2026-03-31T01:55:10","slug":"installations-commerciales","status":"publish","type":"page","link":"https:\/\/starviewmansion.com\/fr\/business-facilities\/","title":{"rendered":"Installations commerciales"},"content":{"rendered":"<div data-elementor-type=\"wp-page\" data-elementor-id=\"2109\" class=\"elementor elementor-2109\">\n\t\t\t\t\t\t<section class=\"elementor-section elementor-top-section elementor-element elementor-element-bb2901b elementor-section-boxed elementor-section-gap-beside-yes elementor-section-height-default elementor-section-height-default elementor-section-column-vertical-align-stretch\" data-id=\"bb2901b\" data-element_type=\"section\" data-e-type=\"section\">\n\t\t\t\t\t\t<div class=\"elementor-container elementor-column-gap-extended\">\n\t\t\t\t\t<div class=\"elementor-column elementor-col-100 elementor-top-column elementor-element elementor-element-1919db9\" data-id=\"1919db9\" data-element_type=\"column\" data-e-type=\"column\">\n\t\t\t<div class=\"elementor-widget-wrap elementor-element-populated\">\n\t\t\t\t\t\t<div class=\"elementor-element elementor-element-41a7b9c elementor-widget__width-initial elementor-invisible elementor-widget elementor-widget-text-editor\" data-id=\"41a7b9c\" data-element_type=\"widget\" data-e-type=\"widget\" data-settings=\"{&quot;_animation&quot;:&quot;nussFadeInUp&quot;}\" data-widget_type=\"text-editor.default\">\n\t\t\t\t\t\t\t\t\tEspaces professionnels \u00e0 Starview Mansion Zhuhai \u2013 Votre centre d&#039;affaires c\u00f4tier du Guangdong\t\t\t\t\t\t\t\t<\/div>\n\t\t\t\t\t<\/div>\n\t\t<\/div>\n\t\t\t\t\t<\/div>\n\t\t<\/section>\n\t\t<div class=\"elementor-element elementor-element-2a37f8c e-flex e-con-boxed e-con e-parent\" data-id=\"2a37f8c\" data-element_type=\"container\" data-e-type=\"container\">\n\t\t\t\t\t<div class=\"e-con-inner\">\n\t\t\t\t<div class=\"elementor-element elementor-element-99e2c04 elementor-widget elementor-widget-nuss-image-gallery\" data-id=\"99e2c04\" data-element_type=\"widget\" data-e-type=\"widget\" data-widget_type=\"nuss-image-gallery.default\">\n\t\t\t\t<div class=\"elementor-widget-container\">\n\t\t\t\t\t\t\t<div class=\"nuss-grid-wrapper\" data-grid=\"{&quot;type&quot;:&quot;grid&quot;,&quot;ratio&quot;:null,&quot;columns&quot;:3,&quot;gutter&quot;:30}\">\r\n\t\t\t<div class=\"nuss-grid lazy-grid\">\r\n\t\t\t\t<div class=\"grid-sizer\"><\/div>\r\n\r\n\t\t\t\t\t\t\t\t\t\t\t\t<div class=\"grid-item\">\r\n\t\t\t\t\t\t<div class=\"nuss-box\">\t\t<div class=\"nuss-image image\">\r\n\t\t\t<img decoding=\"async\"  src=\"https:\/\/starviewmansion.com\/wp-content\/uploads\/2026\/03\/Starview-Mansion-80.webp\" alt=\"Manoir Starview (80)\" \/>\t\t<\/div>\r\n\t\t\t\t<\/div>\t\t\t\t\t<\/div>\r\n\t\t\t\t\t\t<div class=\"grid-item\">\r\n\t\t\t\t\t\t<div class=\"nuss-box\">\t\t<div class=\"nuss-image image\">\r\n\t\t\t<img decoding=\"async\"  src=\"https:\/\/starviewmansion.com\/wp-content\/uploads\/2026\/03\/Starview-Mansion-73.webp\" alt=\"Manoir Starview (73)\" \/>\t\t<\/div>\r\n\t\t\t\t<\/div>\t\t\t\t\t<\/div>\r\n\t\t\t\t\t\t<div class=\"grid-item\">\r\n\t\t\t\t\t\t<div class=\"nuss-box\">\t\t<div class=\"nuss-image image\">\r\n\t\t\t<img decoding=\"async\"  src=\"https:\/\/starviewmansion.com\/wp-content\/uploads\/2026\/03\/Starview-Mansion-19.webp\" alt=\"Manoir Starview (19)\" \/>\t\t<\/div>\r\n\t\t\t\t<\/div>\t\t\t\t\t<\/div>\r\n\t\t\t\t\t\t<div class=\"grid-item\">\r\n\t\t\t\t\t\t<div class=\"nuss-box\">\t\t<div class=\"nuss-image image\">\r\n\t\t\t<img decoding=\"async\"  src=\"https:\/\/starviewmansion.com\/wp-content\/uploads\/2026\/03\/Starview-Mansion-13.webp\" alt=\"Manoir Starview (13)\" \/>\t\t<\/div>\r\n\t\t\t\t<\/div>\t\t\t\t\t<\/div>\r\n\t\t\t\t\t\t<div class=\"grid-item\">\r\n\t\t\t\t\t\t<div class=\"nuss-box\">\t\t<div class=\"nuss-image image\">\r\n\t\t\t<img decoding=\"async\"  src=\"https:\/\/starviewmansion.com\/wp-content\/uploads\/2026\/03\/Starview-Mansion-14.webp\" alt=\"Manoir Starview (14)\" \/>\t\t<\/div>\r\n\t\t\t\t<\/div>\t\t\t\t\t<\/div>\r\n\t\t\t\t\t\t<div class=\"grid-item\">\r\n\t\t\t\t\t\t<div class=\"nuss-box\">\t\t<div class=\"nuss-image image\">\r\n\t\t\t<img decoding=\"async\"  src=\"https:\/\/starviewmansion.com\/wp-content\/uploads\/2026\/03\/Starview-Mansion-11.webp\" alt=\"Manoir Starview (11)\" \/>\t\t<\/div>\r\n\t\t\t\t<\/div>\t\t\t\t\t<\/div>\r\n\t\t\t\t\t\t\t\r\n\t\t\t<\/div>\r\n\t\t<\/div>\r\n\t\t\t\t\t\t<\/div>\n\t\t\t\t<\/div>\n\t\t\t\t\t<\/div>\n\t\t\t\t<\/div>\n\t\t<div class=\"elementor-element elementor-element-35c01c6 e-flex e-con-boxed e-con e-parent\" data-id=\"35c01c6\" data-element_type=\"container\" data-e-type=\"container\">\n\t\t\t\t\t<div class=\"e-con-inner\">\n\t\t\t\t<div class=\"elementor-element elementor-element-5c17b51 elementor-widget elementor-widget-text-editor\" data-id=\"5c17b51\" data-element_type=\"widget\" data-e-type=\"widget\" data-widget_type=\"text-editor.default\">\n\t\t\t\t\t\t\t\t\t<h2 class=\"qwen-markdown-heading\"><span class=\"qwen-markdown-text\">Sublimez votre exp\u00e9rience professionnelle au Starview Mansion<\/span><\/h2><div class=\"qwen-markdown-paragraph\"><span class=\"qwen-markdown-text\">Starview Mansion, strat\u00e9giquement situ\u00e9 \u00e0 <\/span><strong class=\"qwen-markdown-strong\"><span class=\"qwen-markdown-text\">No. 9-1, Shihua East Road, Jida, district de Xiangzhou, Zhuhai, Guangdong, Chine<\/span><\/strong><span class=\"qwen-markdown-text\">, Cet \u00e9tablissement est une destination de choix pour les voyageurs d&#039;affaires en qu\u00eate d&#039;efficacit\u00e9, de confort et de connectivit\u00e9 au c\u0153ur de l&#039;un des centres commerciaux les plus dynamiques du delta de la rivi\u00e8re des Perles. Con\u00e7u avec soin, il r\u00e9pond aux besoins vari\u00e9s des entreprises, entrepreneurs, cadres et visiteurs professionnels qui exigent un environnement de travail optimal sans pour autant renoncer \u00e0 la d\u00e9tente et \u00e0 l&#039;hospitalit\u00e9 lors de leurs missions \u00e0 Zhuhai.<\/span><\/div><div class=\"qwen-markdown-space\">\u00a0<\/div><h2 class=\"qwen-markdown-heading\"><span class=\"qwen-markdown-text\">\u00c9quipements professionnels en chambre pour des s\u00e9jours productifs<\/span><\/h2><div class=\"qwen-markdown-paragraph\"><span class=\"qwen-markdown-text\">Chaque chambre du Starview Mansion est \u00e9quip\u00e9e d&#039;un espace de travail d\u00e9di\u00e9 avec un bureau spacieux offrant une surface suffisante pour les ordinateurs portables, les documents, le mat\u00e9riel professionnel et les \u00e9quipements de visioconf\u00e9rence. Chaque chambre b\u00e9n\u00e9ficie d&#039;une connexion Wi-Fi haut d\u00e9bit gratuite et fiable, id\u00e9ale pour les visioconf\u00e9rences, les transferts de fichiers volumineux, les r\u00e9unions en ligne et l&#039;utilisation d&#039;applications professionnelles en ligne sans interruption ni latence.<\/span><\/div><div class=\"qwen-markdown-space\">\u00a0<\/div><div class=\"qwen-markdown-paragraph\"><span class=\"qwen-markdown-text\">Les chambres insonoris\u00e9es offrent un environnement calme et propice \u00e0 la concentration, id\u00e9al pour les s\u00e9ances de travail, les appels importants, les pr\u00e9sentations virtuelles ou les discussions d&#039;affaires confidentielles, m\u00eame au c\u0153ur de l&#039;effervescence du quartier Jida de Zhuhai. La climatisation dans toutes les chambres assure un confort optimal toute l&#039;ann\u00e9e, permettant aux voyageurs d&#039;affaires de travailler efficacement malgr\u00e9 le climat subtropical du Guangdong.<\/span><\/div><div class=\"qwen-markdown-space\">\u00a0<\/div><div class=\"qwen-markdown-paragraph\"><span class=\"qwen-markdown-text\">Les \u00e9quipements en chambre comprennent de nombreuses prises \u00e9lectriques et des ports de chargement USB id\u00e9alement situ\u00e9s \u00e0 proximit\u00e9 des espaces de travail, permettant aux professionnels de garder tous leurs appareils charg\u00e9s lors de longues sessions de travail. Les si\u00e8ges ergonomiques favorisent une posture confortable pendant les longues heures de travail. Les t\u00e9l\u00e9viseurs \u00e0 \u00e9cran plat avec de nombreuses cha\u00eenes offrent la possibilit\u00e9 de se d\u00e9tendre et de s&#039;informer apr\u00e8s des journ\u00e9es de travail exigeantes, tandis que les salles de bains privatives avec articles de toilette haut de gamme, s\u00e8che-cheveux et chaussons confortables garantissent aux clients de se sentir frais et dispos pour leurs r\u00e9unions matinales ou leurs \u00e9v\u00e9nements de r\u00e9seautage en soir\u00e9e.<\/span><\/div><div class=\"qwen-markdown-space\">\u00a0<\/div><h2 class=\"qwen-markdown-heading\"><span class=\"qwen-markdown-text\">Connectivit\u00e9 haut d\u00e9bit dans toute la propri\u00e9t\u00e9<\/span><\/h2><div class=\"qwen-markdown-paragraph\"><span class=\"qwen-markdown-text\">Starview Mansion comprend que l&#039;acc\u00e8s \u00e0 Internet fiable est essentiel aux activit\u00e9s et communications professionnelles modernes. Un acc\u00e8s Wi-Fi haut d\u00e9bit gratuit est disponible dans toutes les chambres et les espaces communs, vous assurant une connectivit\u00e9 optimale, que vous travailliez depuis votre chambre, collaboriez dans les espaces communs ou teniez des r\u00e9unions virtuelles avec vos coll\u00e8gues et clients internationaux.<\/span><\/div><div class=\"qwen-markdown-space\">\u00a0<\/div><div class=\"qwen-markdown-paragraph\"><span class=\"qwen-markdown-text\">L&#039;infrastructure r\u00e9seau performante prend en charge la connexion simultan\u00e9e de plusieurs appareils, ce qui la rend id\u00e9ale pour les voyageurs d&#039;affaires munis d&#039;ordinateurs portables, de tablettes, de smartphones et autres appareils connect\u00e9s n\u00e9cessitant un acc\u00e8s internet permanent. L&#039;assistance informatique de l&#039;\u00e9tablissement garantit la stabilit\u00e9 du r\u00e9seau et la r\u00e9solution rapide de tout probl\u00e8me de connexion pouvant survenir durant votre s\u00e9jour, minimisant ainsi les perturbations de vos activit\u00e9s professionnelles.<\/span><\/div><div class=\"qwen-markdown-space\">\u00a0<\/div><h2 class=\"qwen-markdown-heading\"><span class=\"qwen-markdown-text\">Services de r\u00e9ception et d&#039;assistance aux entreprises 24h\/24<\/span><\/h2><div class=\"qwen-markdown-paragraph\"><span class=\"qwen-markdown-text\">L&#039;\u00e9quipe de r\u00e9ception, ouverte 24h\/24, assure une assistance continue aux voyageurs d&#039;affaires arrivant tard le soir de vols internationaux ou partant t\u00f4t le matin pour des r\u00e9unions dans toute la r\u00e9gion du delta de la rivi\u00e8re des Perles. Le personnel est form\u00e9 pour r\u00e9pondre \u00e0 un large \u00e9ventail de demandes professionnelles, de l&#039;impression et la photocopie de documents \u00e0 l&#039;organisation des transferts vers les bureaux, les lieux de r\u00e9union et les zones industrielles de Zhuhai et des villes voisines.<\/span><\/div><div class=\"qwen-markdown-space\">\u00a0<\/div><div class=\"qwen-markdown-paragraph\"><span class=\"qwen-markdown-text\">L&#039;espace d&#039;accueil offre un cadre confortable et professionnel pour des \u00e9changes informels, des salles d&#039;attente pour vos clients ou coll\u00e8gues, ou encore des moments de calme pour peaufiner vos pr\u00e9sentations avant des r\u00e9unions importantes. Notre personnel multilingue facilite la communication avec les visiteurs internationaux, garantissant ainsi que les barri\u00e8res linguistiques n&#039;alt\u00e8rent en rien la qualit\u00e9 de votre exp\u00e9rience professionnelle \u00e0 Zhuhai.<\/span><\/div><div class=\"qwen-markdown-space\">\u00a0<\/div><div class=\"qwen-markdown-paragraph\"><span class=\"qwen-markdown-text\">Les voyageurs d&#039;affaires peuvent solliciter une assistance pour l&#039;immatriculation de leur entreprise, la recherche d&#039;espaces de bureaux, les services de traduction et la mise en relation avec des prestataires de services locaux. Notre \u00e9quipe exp\u00e9riment\u00e9e comprend les besoins sp\u00e9cifiques des voyageurs d&#039;affaires et s&#039;engage \u00e0 vous accompagner dans la r\u00e9alisation de vos objectifs professionnels tout au long de votre s\u00e9jour.<\/span><\/div><div class=\"qwen-markdown-space\">\u00a0<\/div><h2 class=\"qwen-markdown-heading\"><span class=\"qwen-markdown-text\">Espaces de travail flexibles et zones communes<\/span><\/h2><div class=\"qwen-markdown-paragraph\"><span class=\"qwen-markdown-text\">Starview Mansion propose des espaces communs soigneusement am\u00e9nag\u00e9s qui prolongent votre bureau temporaire. Le hall et le salon offrent des si\u00e8ges confortables, une lumi\u00e8re naturelle et une atmosph\u00e8re professionnelle propice aux r\u00e9unions informelles, aux \u00e9changes avec les clients ou aux s\u00e9ances de travail individuelles loin de votre bureau.<\/span><\/div><div class=\"qwen-markdown-space\">\u00a0<\/div><div class=\"qwen-markdown-paragraph\"><span class=\"qwen-markdown-text\">Des espaces calmes diss\u00e9min\u00e9s dans l&#039;\u00e9tablissement offrent des possibilit\u00e9s suppl\u00e9mentaires pour passer des appels t\u00e9l\u00e9phoniques, participer \u00e0 des visioconf\u00e9rences ou travailler en toute tranquillit\u00e9, sans d\u00e9ranger les autres clients. Ces espaces modulables s&#039;adaptent aux diff\u00e9rents styles et pr\u00e9f\u00e9rences de travail, reconnaissant ainsi les besoins vari\u00e9s des voyageurs d&#039;affaires tout au long de leur journ\u00e9e.<\/span><\/div><div class=\"qwen-markdown-space\">\u00a0<\/div><div class=\"qwen-markdown-paragraph\"><span class=\"qwen-markdown-text\">Des prises \u00e9lectriques sont judicieusement plac\u00e9es dans les espaces communs, permettant aux clients de travailler depuis diff\u00e9rents endroits de l&#039;\u00e9tablissement tout en conservant une connectivit\u00e9 optimale pour leurs appareils. L&#039;atmosph\u00e8re \u00e0 la fois professionnelle et d\u00e9tendue offre un juste \u00e9quilibre entre productivit\u00e9 et confort.<\/span><\/div><div class=\"qwen-markdown-space\">\u00a0<\/div><h2 class=\"qwen-markdown-heading\"><span class=\"qwen-markdown-text\">Emplacement de choix pour les rencontres et r\u00e9unions d&#039;affaires<\/span><\/h2><div class=\"qwen-markdown-paragraph\"><span class=\"qwen-markdown-text\">Id\u00e9alement situ\u00e9 dans le quartier central de Jida, l&#039;\u00e9tablissement permet aux voyageurs d&#039;affaires d&#039;acc\u00e9der facilement aux principaux centres commerciaux, bureaux gouvernementaux, zones industrielles et si\u00e8ges sociaux d&#039;entreprises internationales de Zhuhai. Le district de Xiangzhou, v\u00e9ritable c\u0153ur administratif et commercial de Zhuhai, abrite de nombreux bureaux, parcs d&#039;activit\u00e9s et cabinets de services professionnels accessibles en quelques minutes de voiture.<\/span><\/div><div class=\"qwen-markdown-space\">\u00a0<\/div><div class=\"qwen-markdown-paragraph\"><span class=\"qwen-markdown-text\">Les principaux centres commerciaux, les restaurants pour les d\u00e9jeuners d&#039;affaires et les lieux de divertissement pour les clients sont facilement accessibles pour les r\u00e9unions professionnelles et les activit\u00e9s de d\u00e9veloppement des relations. La proximit\u00e9 des banques, des bureaux de poste, des services d&#039;exp\u00e9dition et des infrastructures de soutien aux entreprises garantit que tous vos besoins professionnels pourront \u00eatre satisfaits efficacement pendant votre s\u00e9jour.<\/span><\/div><div class=\"qwen-markdown-space\">\u00a0<\/div><div class=\"qwen-markdown-paragraph\"><span class=\"qwen-markdown-text\">Les liaisons de transport sont excellentes, avec un acc\u00e8s facile aux taxis, aux services de covoiturage et aux transports en commun, ce qui facilite les d\u00e9placements professionnels \u00e0 Zhuhai, Macao, Shenzhen et dans l&#039;ensemble de la r\u00e9gion m\u00e9tropolitaine du delta de la rivi\u00e8re des Perles. Cette connectivit\u00e9 est particuli\u00e8rement pr\u00e9cieuse pour les cadres qui effectuent des d\u00e9placements dans plusieurs villes lors d&#039;un m\u00eame voyage d&#039;affaires.<\/span><\/div><div class=\"qwen-markdown-space\">\u00a0<\/div><h2 class=\"qwen-markdown-heading\"><span class=\"qwen-markdown-text\">Connectivit\u00e9 a\u00e9roportuaire et de transport<\/span><\/h2><div class=\"qwen-markdown-paragraph\"><span class=\"qwen-markdown-text\">L&#039;a\u00e9roport de Tan Shui et les diff\u00e9rents n\u0153uds de transport de Zhuhai sont facilement accessibles depuis le Starview Mansion, ce qui en fait un choix id\u00e9al pour les voyageurs ayant un emploi du temps charg\u00e9, des correspondances multiples ou des obligations professionnelles urgentes. L&#039;\u00e9quipe de la r\u00e9ception peut organiser des transferts a\u00e9roport fiables, vous fournir des estimations de prix et planifier vos prises en charge en fonction de vos horaires de vol et de r\u00e9union.<\/span><\/div><div class=\"qwen-markdown-space\">\u00a0<\/div><div class=\"qwen-markdown-paragraph\"><span class=\"qwen-markdown-text\">Pour les voyageurs d&#039;affaires en transit par les a\u00e9roports internationaux de Hong Kong ou de Macao, l&#039;emplacement de la propri\u00e9t\u00e9 offre un acc\u00e8s direct aux terminaux de ferry et aux postes fronti\u00e8res, facilitant ainsi les d\u00e9placements professionnels dans tout le delta de la rivi\u00e8re des Perles. Cette connectivit\u00e9 r\u00e9gionale fait de Starview Mansion un pied-\u00e0-terre strat\u00e9gique pour les cadres g\u00e9rant des int\u00e9r\u00eats commerciaux dans plusieurs villes du sud de la Chine.<\/span><\/div><div class=\"qwen-markdown-space\">\u00a0<\/div><h2 class=\"qwen-markdown-heading\"><span class=\"qwen-markdown-text\">Fonctionnalit\u00e9s suppl\u00e9mentaires adapt\u00e9es aux entreprises<\/span><\/h2><div class=\"qwen-markdown-paragraph\"><span class=\"qwen-markdown-text\">Les chambres non-fumeurs sont con\u00e7ues pour les professionnels soucieux de leur sant\u00e9 et respectent les normes internationales en mati\u00e8re de voyages d&#039;affaires et les politiques de voyage des entreprises. Un service de m\u00e9nage quotidien garantit des chambres impeccables et bien rang\u00e9es, permettant aux clients de se concentrer sur leur travail sans se soucier de l&#039;entretien ou des horaires du service de m\u00e9nage.<\/span><\/div><div class=\"qwen-markdown-space\">\u00a0<\/div><div class=\"qwen-markdown-paragraph\"><span class=\"qwen-markdown-text\">Les syst\u00e8mes d&#039;acc\u00e8s s\u00e9curis\u00e9s offrent une tranquillit\u00e9 d&#039;esprit aux voyageurs d&#039;affaires transportant du mat\u00e9riel de valeur, des documents confidentiels ou des supports professionnels sensibles. L&#039;acc\u00e8s par carte magn\u00e9tique, la surveillance du personnel et les coffres-forts contribuent \u00e0 un environnement s\u00e9curis\u00e9 pour les actifs de l&#039;entreprise.<\/span><\/div><div class=\"qwen-markdown-space\">\u00a0<\/div><div class=\"qwen-markdown-paragraph\"><span class=\"qwen-markdown-text\">Les services de blanchisserie et de nettoyage \u00e0 sec permettent aux voyageurs d&#039;affaires de conserver une apparence professionnelle lors de longs s\u00e9jours sans s&#039;encombrer de bagages. La rapidit\u00e9 du service garantit la disponibilit\u00e9 de v\u00eatements frais et repass\u00e9s pour les r\u00e9unions importantes, les pr\u00e9sentations et les d\u00eeners d&#039;affaires.<\/span><\/div><div class=\"qwen-markdown-space\">\u00a0<\/div><h2 class=\"qwen-markdown-heading\"><span class=\"qwen-markdown-text\">Soutien aux r\u00e9unions et \u00e0 la collaboration<\/span><\/h2><div class=\"qwen-markdown-paragraph\"><span class=\"qwen-markdown-text\">Bien que le Starview Mansion privil\u00e9gie un h\u00e9bergement confortable dot\u00e9 d&#039;\u00e9quipements adapt\u00e9s aux besoins professionnels, l&#039;\u00e9quipe de la r\u00e9ception peut vous aider \u00e0 r\u00e9server des espaces de r\u00e9union, des salles de conf\u00e9rence et des lieux pour vos \u00e9v\u00e9nements professionnels \u00e0 Zhuhai. Gr\u00e2ce \u00e0 des partenariats locaux avec des centres d&#039;affaires et des h\u00f4tels de conf\u00e9rence \u00e0 proximit\u00e9, vous pouvez acc\u00e9der \u00e0 des salles de r\u00e9union professionnelles pour vos grands rassemblements ou pr\u00e9sentations officielles.<\/span><\/div><div class=\"qwen-markdown-space\">\u00a0<\/div><div class=\"qwen-markdown-paragraph\"><span class=\"qwen-markdown-text\">L&#039;\u00e9quipe de conciergerie peut vous recommander des lieux pour vos d\u00e9jeuners d&#039;affaires, des salles \u00e0 manger priv\u00e9es pour recevoir vos clients, ainsi que des services professionnels tels que la traduction, l&#039;assistance juridique et le conseil aux entreprises dont vous pourriez avoir besoin lors de vos activit\u00e9s professionnelles \u00e0 Zhuhai.<\/span><\/div><div class=\"qwen-markdown-space\">\u00a0<\/div><h2 class=\"qwen-markdown-heading\"><span class=\"qwen-markdown-text\">H\u00e9bergement d&#039;affaires pour longs s\u00e9jours<\/span><\/h2><div class=\"qwen-markdown-paragraph\"><span class=\"qwen-markdown-text\">Les voyageurs d&#039;affaires en mission de longue dur\u00e9e appr\u00e9cient le confort de Starview Mansion, id\u00e9al pour les longs s\u00e9jours. Les formules \u00e0 la semaine et au mois offrent des solutions \u00e9conomiques pour les visites li\u00e9es \u00e0 un projet, les formations ou les relocalisations temporaires. La qualit\u00e9 constante et les services fiables garantissent des s\u00e9jours d&#039;affaires prolong\u00e9s \u00e0 la fois confortables et productifs.<\/span><\/div><div class=\"qwen-markdown-space\">\u00a0<\/div><div class=\"qwen-markdown-paragraph\"><span class=\"qwen-markdown-text\">Dans certaines cat\u00e9gories de chambres, un r\u00e9frig\u00e9rateur et un micro-ondes permettent aux professionnels actifs d&#039;adapter leurs horaires de repas \u00e0 leurs engagements et \u00e9ch\u00e9ances professionnelles. La proximit\u00e9 de restaurants, de services de livraison de repas et de commerces de proximit\u00e9 offre une flexibilit\u00e9 suppl\u00e9mentaire pour les repas pris au quotidien.<\/span><\/div><div class=\"qwen-markdown-space\">\u00a0<\/div><h2 class=\"qwen-markdown-heading\"><span class=\"qwen-markdown-text\">Pourquoi les voyageurs d&#039;affaires choisissent Starview Mansion<\/span><\/h2><div class=\"qwen-markdown-paragraph\"><span class=\"qwen-markdown-text\">Starview Mansion se distingue par son emplacement central, ses \u00e9quipements professionnels fiables et un service attentionn\u00e9 adapt\u00e9 aux besoins des professionnels. L&#039;\u00e9tablissement propose des tarifs comp\u00e9titifs sans compromis sur la qualit\u00e9, ce qui en fait une solution id\u00e9ale pour les entreprises qui ma\u00eetrisent leur budget voyage tout en garantissant le confort et la productivit\u00e9 de leurs employ\u00e9s lors de leurs d\u00e9placements professionnels.<\/span><\/div><div class=\"qwen-markdown-space\">\u00a0<\/div><div class=\"qwen-markdown-paragraph\"><span class=\"qwen-markdown-text\">Que ce soit pour des projets de courte dur\u00e9e, des missions de longue dur\u00e9e, des conf\u00e9rences, des r\u00e9unions clients, des inspections d&#039;usines ou des activit\u00e9s de d\u00e9veloppement commercial r\u00e9gional, les voyageurs d&#039;affaires trouvent \u00e0 Zhuhai tout le n\u00e9cessaire pour travailler efficacement et se d\u00e9tendre confortablement. L&#039;atmosph\u00e8re professionnelle, alli\u00e9e \u00e0 un accueil chaleureux, cr\u00e9e un environnement propice \u00e0 la r\u00e9alisation des objectifs professionnels, sans stress ni distraction inutiles.<\/span><\/div><div class=\"qwen-markdown-space\">\u00a0<\/div><div class=\"qwen-markdown-paragraph\"><span class=\"qwen-markdown-text\">L&#039;\u00e9tablissement comprend les besoins des voyageurs d&#039;affaires et propose bien plus que des \u00e9quipements de base\u00a0: un soutien pratique essentiel \u00e0 la r\u00e9ussite de vos d\u00e9placements professionnels. Des d\u00e9parts matinaux aux arriv\u00e9es tardives, de l&#039;impression de pr\u00e9sentations de derni\u00e8re minute \u00e0 l&#039;organisation de transports urgents, l&#039;\u00e9quipe du Starview Mansion est \u00e0 votre disposition pour contribuer \u00e0 votre succ\u00e8s professionnel \u00e0 Zhuhai et dans toute la r\u00e9gion du delta de la rivi\u00e8re des Perles.<\/span><\/div><div class=\"qwen-markdown-space\">\u00a0<\/div><h2 class=\"qwen-markdown-heading\"><span class=\"qwen-markdown-text\">R\u00e9servez votre s\u00e9jour d&#039;affaires au Starview Mansion<\/span><\/h2><div class=\"qwen-markdown-paragraph\"><span class=\"qwen-markdown-text\">D\u00e9couvrez un environnement professionnel con\u00e7u pour favoriser la r\u00e9ussite de votre entreprise au c\u0153ur du dynamisme commercial de Zhuhai. Connectivit\u00e9 haut d\u00e9bit, espaces de travail d\u00e9di\u00e9s, assistance 24h\/24 et emplacement central id\u00e9al dans le quartier des affaires de Jida : Starview Mansion offre les infrastructures professionnelles indispensables aux professionnels d&#039;aujourd&#039;hui, tout en proposant un accueil chaleureux qui rendra chaque voyage d&#039;affaires plus agr\u00e9able et productif.<\/span><\/div><div class=\"qwen-markdown-space\">\u00a0<\/div><div class=\"qwen-markdown-paragraph\" data-spm-anchor-id=\"a2ty_o01.29997173.0.i25.456451716u6OXC\"><strong class=\"qwen-markdown-strong\"><span class=\"qwen-markdown-text\">Manoir Starview<\/span><\/strong> <strong class=\"qwen-markdown-strong\"><span class=\"qwen-markdown-text\">Adresse:<\/span><\/strong><span class=\"qwen-markdown-text\"> No. 9-1, Shihua East Road, Jida, district de Xiangzhou, Zhuhai, Guangdong, Chine <\/span><strong class=\"qwen-markdown-strong\"><span class=\"qwen-markdown-text\">Votre base professionnelle au c\u0153ur des affaires de Zhuhai<\/span><\/strong><\/div>\t\t\t\t\t\t\t\t<\/div>\n\t\t\t\t\t<\/div>\n\t\t\t\t<\/div>\n\t\t\t\t<\/div>","protected":false},"excerpt":{"rendered":"<p>Business Facilities at Starview Mansion Zhuhai \u2013 Your Professional Hub in Guangdong&#8217;s Coastal Business Center Elevate Your Business Experience at Starview Mansion Starview Mansion, strategically positioned at No. 9-1, Shihua East Road, Jida, Xiangzhou District, Zhuhai, Guangdong, China, stands as a premier destination for business travelers seeking efficiency, comfort, and connectivity in one of the [&hellip;]<\/p>\n","protected":false},"author":1,"featured_media":0,"parent":0,"menu_order":0,"comment_status":"closed","ping_status":"closed","template":"elementor_header_footer","meta":{"footnotes":""},"class_list":["post-2109","page","type-page","status-publish","hentry","post-no-thumbnail"],"_links":{"self":[{"href":"https:\/\/starviewmansion.com\/fr\/wp-json\/wp\/v2\/pages\/2109","targetHints":{"allow":["GET"]}}],"collection":[{"href":"https:\/\/starviewmansion.com\/fr\/wp-json\/wp\/v2\/pages"}],"about":[{"href":"https:\/\/starviewmansion.com\/fr\/wp-json\/wp\/v2\/types\/page"}],"author":[{"embeddable":true,"href":"https:\/\/starviewmansion.com\/fr\/wp-json\/wp\/v2\/users\/1"}],"replies":[{"embeddable":true,"href":"https:\/\/starviewmansion.com\/fr\/wp-json\/wp\/v2\/comments?post=2109"}],"version-history":[{"count":6,"href":"https:\/\/starviewmansion.com\/fr\/wp-json\/wp\/v2\/pages\/2109\/revisions"}],"predecessor-version":[{"id":5771,"href":"https:\/\/starviewmansion.com\/fr\/wp-json\/wp\/v2\/pages\/2109\/revisions\/5771"}],"wp:attachment":[{"href":"https:\/\/starviewmansion.com\/fr\/wp-json\/wp\/v2\/media?parent=2109"}],"curies":[{"name":"wp","href":"https:\/\/api.w.org\/{rel}","templated":true}]}}